{"id":227,"date":"2023-10-26T17:25:44","date_gmt":"2023-10-26T15:25:44","guid":{"rendered":"https:\/\/biosec.noblogs.org\/?page_id=227"},"modified":"2024-12-28T15:46:12","modified_gmt":"2024-12-28T14:46:12","slug":"lequipe","status":"publish","type":"page","link":"https:\/\/biosec.noblogs.org\/it\/lequipe\/","title":{"rendered":"\u00c9QUIPE\/CONTACT"},"content":{"rendered":"<blockquote>\n<h4 style=\"text-align: center\"><span style=\"color: #993366\"><strong>L&#8217;\u00e9quipe &amp; l&#8217;origine du projet :<\/strong><\/span><\/h4>\n<\/blockquote>\n<p><img loading=\"lazy\" decoding=\"async\" class=\"size-full wp-image-1108 aligncenter\" src=\"https:\/\/biosec.noblogs.org\/files\/2024\/12\/bio-sec-equipe.jpg\" alt=\"\" width=\"300\" height=\"178\" \/><\/p>\n<p><img loading=\"lazy\" decoding=\"async\" class=\"aligncenter\" src=\"https:\/\/img.freepik.com\/vecteurs-libre\/equipe-commerciale-mettant-ensemble-jigsaw-puzzle-isole-illustration-vectorielle-plane-partenaires-dessin-anime-travaillant-connexion-concept-travail-equipe-partenariat-cooperation_74855-9814.jpg?ga=GA1.1.1692246551.1733161528&amp;semt=ais_hybrid\" alt=\"\u00c9quipe commerciale mettant ensemble jigsaw puzzle isol\u00e9 illustration vectorielle plane. Partenaires de dessin anim\u00e9 travaillant en connexion. Concept de travail d'\u00e9quipe, de partenariat et de coop\u00e9ration\" width=\"336\" height=\"244\" \/><\/p>\n<figure class=\"image image_resized\"><strong><img loading=\"lazy\" decoding=\"async\" class=\"wp-image-713 alignleft\" src=\"https:\/\/biosec.noblogs.org\/files\/2024\/04\/IMG_20240310_130359-scaled-e1712169706873-300x257.jpg\" alt=\"\" width=\"174\" height=\"149\" srcset=\"https:\/\/biosec.noblogs.org\/files\/2024\/04\/IMG_20240310_130359-scaled-e1712169706873-300x257.jpg 300w, https:\/\/biosec.noblogs.org\/files\/2024\/04\/IMG_20240310_130359-scaled-e1712169706873-1024x876.jpg 1024w, https:\/\/biosec.noblogs.org\/files\/2024\/04\/IMG_20240310_130359-scaled-e1712169706873-768x657.jpg 768w, https:\/\/biosec.noblogs.org\/files\/2024\/04\/IMG_20240310_130359-scaled-e1712169706873-1536x1314.jpg 1536w, https:\/\/biosec.noblogs.org\/files\/2024\/04\/IMG_20240310_130359-scaled-e1712169706873.jpg 1920w\" sizes=\"auto, (max-width: 174px) 100vw, 174px\" \/><\/strong><\/p>\n<p align=\"justify\"><strong>Paola<\/strong>\u00a0 actuelle pr\u00e9sidente est agricultrice, install\u00e9e depuis 5 ans en C\u00e9vennes, elle a rencontr\u00e9 Pauline qui est venue l&#8217;aider \u00e0 faire une &#8220;transfo&#8221; jus de pomme, en atelier de transformation v\u00e9g\u00e9tale \u00a0sur une journ\u00e9e puis une deuxi\u00e8me pour les sauces au piment, puis une troisi\u00e8me pour les ch\u00e2taignes&#8230;<\/p>\n<\/figure>\n<figure class=\"image image_resized\"><span style=\"color: #ffffff\">.<\/span><\/figure>\n<figure class=\"image image_resized\"><img loading=\"lazy\" decoding=\"async\" class=\"alignright\" src=\"https:\/\/miimosa.s3-eu-west-1.amazonaws.com\/production\/images\/raws\/000\/126\/993\/maximized\/387788593_10230600175690771_3025599196552584563_n.jpg?1698067403\" width=\"182\" height=\"182\" \/><\/p>\n<p align=\"justify\"><strong>Pauline<\/strong> a un master en E.S.S. (\u00c9conomie Sociale et Solidaire) elle a ensuite travaill\u00e9 pendant presque 2 ans dans cet atelier de transformation v\u00e9g\u00e9tal o\u00f9 elle a tout appris (fonctionnement d&#8217;un autoclave, m\u00e9thodes de conservations, risques li\u00e9s au botulisme et r\u00e9glementation hygi\u00e8ne) d&#8217;o\u00f9 l&#8217;id\u00e9e de transf\u00e9rer ce savoir.<\/p>\n<p align=\"justify\"><span style=\"color: #ffffff\">.<\/span><\/p>\n<figure class=\"image image_resized\"><img loading=\"lazy\" decoding=\"async\" class=\"wp-image-606 alignright\" src=\"https:\/\/biosec.noblogs.org\/files\/2024\/04\/MathieuVilecot04-fi21864443x120.jpg\" alt=\"\" width=\"142\" height=\"155\" \/><\/p>\n<p align=\"justify\"><strong>Mathieu<\/strong> sait tout faire d\u00e8s \u00e7a touche \u00e0 un ordinateur, il a aussi de grande qualit\u00e9s de vid\u00e9aste et graphiste (c&#8217;est \u00e0 lui que nous devons pas mal d&#8217;outils de com, et de fiches p\u00e9dagogiques). Il est aussi form\u00e9 \u00e0 la communication non violente ce qui est un atout non n\u00e9gligeable pour notre dynamique de groupe.<\/p>\n<p align=\"justify\"><span style=\"color: #ffffff\">.<\/span><\/p>\n<\/figure>\n<\/figure>\n<figure class=\"image image_resized\"><img loading=\"lazy\" decoding=\"async\" class=\"alignleft\" src=\"https:\/\/miimosa.s3-eu-west-1.amazonaws.com\/production\/images\/raws\/000\/126\/991\/maximized\/gilles.jpg?1698067147\" width=\"148\" height=\"148\" \/><\/p>\n<p align=\"justify\"><strong>Gilles<\/strong> est notre tr\u00e9sorier, il est pr\u00e9sent sur les foires et march\u00e9s au titre de l&#8217;association Fruits Oubli\u00e9s ainsi qu&#8217;aux \u00e9v\u00e8nements organis\u00e9s par l&#8217;asso et son r\u00e9seau (foires et manifestations autour de la biodiversit\u00e9 et l&#8217;autonomie alimentaire notamment), et en tant qu&#8217;ancien comptable il est d&#8217;une aide pr\u00e9cieuse&#8230;<\/p>\n<\/figure>\n<p align=\"justify\"><strong>Adrien <\/strong>est b\u00e9n\u00e9vole \u00e0 distance et s\u2019occupe de relire tout les \u00e9crits en remplacement de l\u2019ancienne secr\u00e9taire. (Compte rendu, fiches techniques, site et publications officielles, livre \u00e0 venir\u2026) il aide aussi \u00e0 la technique pour le site. <strong>Caroline <\/strong>a cr\u00e9e le logo BIO\u2019SEC s\u2019occupe de la tr\u00e9so et de la gestion des comptes en bin\u00f4mes avec Gilles. Elle nous aide \u00e0 distance \u00e9galement.<strong><br \/>\nDelphine <\/strong>depuis Marseille va aider \u00e0 la cr\u00e9ation des fiches p\u00e9dagogiques avec les principaux enseignement concernant la conservation artisanale et pr\u00e9cautions d\u2019usages. <strong>Johanna <\/strong>est secr\u00e9taire de l\u2019association, <strong>Caroline<\/strong> est vice-tr\u00e9sori\u00e8re, <strong>Christian<\/strong> est adh\u00e9rant au titre de son association, <strong>Corine<\/strong> nous aide \u00e0 la relecture des supports \u00e9crit (livre, outils\u2026),\u00a0<strong> Eric<\/strong> nous transmet sa passion des plantes (comestibles notamment), <strong>Lucie<\/strong> nous aide dans notre recherche de financement pour p\u00e9renniser l\u2019asso,\u00a0 <strong>Fred<\/strong> nous renseigne sur le m\u00e9tier d\u2019\u00e9diteur, <strong>George<\/strong> nous aide sur les questions li\u00e9es au blog et a r\u00e9par\u00e9 nos d\u00e9shydrateurs solaire cet \u00e9t\u00e9 (!merciiiiiiiiiiii), <strong>Domi<\/strong> (cuisto de profession) nous partage ses recettes antigaspi\u2026<strong> Marion, Mathieu, Mary, Dominique, Pauline, Karine, Domi, Magali, Nicole, Morgane, Marion et Fred<\/strong> vont participer au groupe de relecture du livre\u00a0 qui va sortir en 2024 ! Merci \u00e0 elle\/eux !<\/p>\n<p>&nbsp;<\/p>\n<p>&nbsp;<\/p>\n<p><img loading=\"lazy\" decoding=\"async\" class=\"alignnone size-full wp-image-233 aligncenter\" src=\"https:\/\/biosec.noblogs.org\/files\/2023\/10\/images.jpeg\" alt=\"\" width=\"274\" height=\"184\" \/><\/p>\n<blockquote>\n<h3 style=\"text-align: center\">Notre atout majeur est d&#8217;avoir un r\u00e9seau de b\u00e9n\u00e9voles permanents ou non, solidement ancr\u00e9 sur le territoire o\u00f9 nous vivons, de personnes qui partage nos id\u00e9es, valeurs et envies. Ce qui nous permets de partager et de b\u00e9n\u00e9ficier d\u2019innombrables coup de main (relecture des \u00e9crits, cr\u00e9ation des support, gestion du site) participants aux journ\u00e9es d&#8217;autoformation, groupement d&#8217;achat, ateliers, journ\u00e9es cueillette, s\u00e9chage \u00a0&amp; \u00a0balades botaniques&#8230;<\/h3>\n<\/blockquote>\n<p style=\"text-align: center\">*****<\/p>\n<blockquote>\n<p style=\"text-align: center\"><em><span style=\"color: #993366\"><strong>Contact :<\/strong> biosec30@yahoo.com<\/span><\/em><\/p>\n<\/blockquote>\n<p style=\"text-align: center\" align=\"justify\"><strong>Vous souhaitez<span style=\"color: #ff9900\"> soutenir<\/span> notre projet, c\u2019est possible !<\/strong><\/p>\n<p style=\"text-align: center\" align=\"justify\"><a href=\"https:\/\/www.helloasso.com\/associations\/bio-sec\/collectes\/ssecurite-alimentaire-et-methodes-de-conservation\">https:\/\/www.helloasso.com\/associations\/bio-sec\/collectes\/ssecurite-alimentaire-et-methodes-de-conservation<\/a><\/p>\n","protected":false},"excerpt":{"rendered":"<p>L&#8217;\u00e9quipe &amp; l&#8217;origine du projet : Paola\u00a0 actuelle pr\u00e9sidente est agricultrice, install\u00e9e depuis 5 ans en C\u00e9vennes, elle a rencontr\u00e9 Pauline qui est venue l&#8217;aider \u00e0 faire une &#8220;transfo&#8221; jus de pomme, en atelier de transformation v\u00e9g\u00e9tale \u00a0sur une journ\u00e9e puis une deuxi\u00e8me pour les sauces au piment, puis une troisi\u00e8me pour les ch\u00e2taignes&#8230; . &hellip; <a href=\"https:\/\/biosec.noblogs.org\/it\/lequipe\/\" class=\"more-link\">Continua la lettura di <span class=\"screen-reader-text\">\u00c9QUIPE\/CONTACT<\/span> <span class=\"meta-nav\">&rarr;<\/span><\/a><\/p>\n","protected":false},"author":17309,"featured_media":0,"parent":0,"menu_order":0,"comment_status":"closed","ping_status":"closed","template":"","meta":{"_locale":"it_IT","_original_post":"https:\/\/biosec.noblogs.org\/?page_id=227","footnotes":""},"class_list":["post-227","page","type-page","status-publish","hentry","it-IT"],"_links":{"self":[{"href":"https:\/\/biosec.noblogs.org\/wp-json\/wp\/v2\/pages\/227","targetHints":{"allow":["GET"]}}],"collection":[{"href":"https:\/\/biosec.noblogs.org\/wp-json\/wp\/v2\/pages"}],"about":[{"href":"https:\/\/biosec.noblogs.org\/wp-json\/wp\/v2\/types\/page"}],"author":[{"embeddable":true,"href":"https:\/\/biosec.noblogs.org\/wp-json\/wp\/v2\/users\/17309"}],"replies":[{"embeddable":true,"href":"https:\/\/biosec.noblogs.org\/wp-json\/wp\/v2\/comments?post=227"}],"version-history":[{"count":55,"href":"https:\/\/biosec.noblogs.org\/wp-json\/wp\/v2\/pages\/227\/revisions"}],"predecessor-version":[{"id":1112,"href":"https:\/\/biosec.noblogs.org\/wp-json\/wp\/v2\/pages\/227\/revisions\/1112"}],"wp:attachment":[{"href":"https:\/\/biosec.noblogs.org\/wp-json\/wp\/v2\/media?parent=227"}],"curies":[{"name":"wp","href":"https:\/\/api.w.org\/{rel}","templated":true}]}}