{"id":47,"date":"2022-10-28T17:07:48","date_gmt":"2022-10-28T15:07:48","guid":{"rendered":"https:\/\/biosec.noblogs.org\/?page_id=47"},"modified":"2024-12-28T18:46:45","modified_gmt":"2024-12-28T17:46:45","slug":"liens-utiles","status":"publish","type":"page","link":"https:\/\/biosec.noblogs.org\/fr\/liens-utiles\/","title":{"rendered":"Liens utiles"},"content":{"rendered":"<p><strong>M\u00e9thodes de conservation \/ Recettes<\/strong><\/p>\n<p><a href=\"https:\/\/www.cuisine-libre.org\/\">https:\/\/www.cuisine-libre.org\/<\/a><\/p>\n<p><a href=\"https:\/\/conserves.blogspot.com\">https:\/\/conserves.blogspot.com<\/a><\/p>\n<p><a href=\"http:\/\/www.nicrunicuit.com\">www.nicrunicuit.com<\/a><\/p>\n<p><a href=\"https:\/\/www.deshydrateur.com\">https:\/\/www.francebleu.fr\/emissions\/l-etape-gourmande\/fermentation-principes-techniques-et-bienfaits-5364746?fbclid=IwAR2iEbqcVm-TzqlwXKSgzQ299vcZb5lKiUM9StEHyT0Z5TTr-zih2qJPNaI<\/a><\/p>\n<p><a href=\"http:\/\/www.food-info.net\/fr\/qa\/qa-fp65.htm\">http:\/\/www.food-info.net\/fr\/qa\/qa-fp65.htm<\/a><\/p>\n<p>Le site <a href=\"https:\/\/genie-alimentaire.com\">https:\/\/genie-alimentaire.com<\/a>\/<br \/>\nDe Farid AMROUCHE<\/p>\n<p>Guide de bonnes pratiques d\u2019hygi\u00e8ne et d\u2019application des principes<br \/>\nHACCP \u00e0 l\u2019activit\u00e9 de conserveur <a href=\"https:\/\/agriculture.gouv.fr\/sites\/minagri\/files\/documents\/pdf\/B5939_20105939_cle84d6ed.pdf\">https:\/\/agriculture.gouv.fr\/sites\/minagri\/files\/documents\/pdf\/B5939_20105939_cle84d6ed.pdf<\/a><\/p>\n<p><a href=\"https:\/\/draaf.occitanie.agriculture.gouv.fr\/livret-d-information-des-professionnels-sur-l-hygiene-alimentaire-a270.html\">https:\/\/draaf.occitanie.agriculture.gouv.fr\/livret-d-information-des-professionnels-sur-l-hygiene-alimentaire-a270.html<\/a><\/p>\n<p>&nbsp;<\/p>\n<p><strong>D\u00e9shydratation<br \/>\n<\/strong><\/p>\n<p><a href=\".\">www.deshydratation-aliments.fr<\/a><\/p>\n<p><a href=\"https:\/\/www.fruitsdeshydrates.fr\/\">https:\/\/www.fruitsdeshydrates.fr\/<\/a><\/p>\n<p><a href=\"http:\/\/www.montougo.ca\/manger-mieux\/fruits-et-legumes\/deshydrater-les-fruits-et-legumes-a-la-maison\">www.montougo.ca\/manger-mieux\/fruits-et-legumes\/deshydrater-les-fruits-et-legumes-a-la-maison<\/a><\/p>\n<p><a href=\"https:\/\/www.deshydrateur.com\">https:\/\/www.deshydrateur.com<\/a><\/p>\n<p>&nbsp;<\/p>\n<p><strong>Quelques pi\u00e8ges \u00e0 \u00e9viter :<\/strong><\/p>\n<p>&#8211; A propos des les d\u00e9rives possibles autour du crudivorisme, notamment \u00e0 travers Casasnovas et autres croisement avec th\u00e9ories validistes : Les enqu\u00eates (ecrites ou youtube) du collectif L\u2019Extracteur, blog \u00e0 fouiller : <a class=\"spip_url spip_out auto\" href=\"https:\/\/bloglextracteur.wordpress.com\/about\/\" rel=\"nofollow external\">https:\/\/bloglextracteur.wordpress.com\/about\/<\/a><\/p>\n<blockquote class=\"wp-embedded-content\" data-secret=\"fPYz2HJJIS\"><p><a href=\"https:\/\/bloglextracteur.wordpress.com\/about\/\">\u00c0 propos<\/a><\/p><\/blockquote>\n<p><iframe loading=\"lazy\" class=\"wp-embedded-content\" sandbox=\"allow-scripts\" security=\"restricted\" style=\"position: absolute; visibility: hidden;\" title=\"&laquo;&nbsp;\u00c0 propos&nbsp;&raquo; &#8212; L&#039;Extracteur\" src=\"https:\/\/bloglextracteur.wordpress.com\/about\/embed\/#?secret=oPzoldaYoF#?secret=fPYz2HJJIS\" data-secret=\"fPYz2HJJIS\" width=\"474\" height=\"267\" frameborder=\"0\" marginwidth=\"0\" marginheight=\"0\" scrolling=\"no\"><\/iframe><\/p>\n<p>&nbsp;<\/p>\n<p><strong>Botulisme<br \/>\n<\/strong><\/p>\n<p><a href=\"https:\/\/editionslapresse.ca\/products\/comment-faire-ses-conserves-sans-empoisonner-sa-famille\">https:\/\/editionslapresse.ca\/products\/comment-faire-ses-conserves-sans-empoisonner-sa-famille<\/a><\/p>\n<p align=\"justify\"><a href=\"https:\/\/conserves.blogspot.com\/2005\/12\/cest-quoi-le-botulisme-faq.html?fbclid=IwAR2F34MroZ8BH9-zQL5sT-G-2SZ9dzP717NkBQ5DMVE334mB9p6KXait8Xk\">https:\/\/conserves.blogspot.com\/2005\/12\/cest-quoi-le-botulisme-faq.html?fbclid=IwAR2F34MroZ8BH9-zQL5sT-G-2SZ9dzP717NkBQ5DMVE334mB9p6KXait8Xk<\/a><\/p>\n<p><a href=\"https:\/\/nicrunicuit.com\/sante\/le-danger-des-legumes-mis-directement-dans-lhuile\/\">https:\/\/nicrunicuit.com\/sante\/le-danger-des-legumes-mis-directement-dans-lhuile\/<\/a><\/p>\n<p align=\"justify\"><a href=\"https:\/\/www.santescience.fr\/traitements-naturels-du-botulisme\/?fbclid=IwAR2TNrRMtgrjXA4XLY_C6IrYkhASA1lEvb0KbQF2ULkk4_c_Q3N5FwsrwL0\">https:\/\/www.santescience.fr\/traitements-naturels-du-botulisme\/?fbclid=IwAR2TNrRMtgrjXA4XLY_C6IrYkhASA1lEvb0KbQF2ULkk4_c_Q3N5FwsrwL0<\/a><\/p>\n<p align=\"justify\"><a href=\"https:\/\/www.youtube.com\/watch?v=Al7uTAt2VYk\">https:\/\/www.youtube.com\/watch?v=Al7uTAt2VYk<\/a><\/p>\n<p><a href=\"https:\/\/reporterre.net\/Botulisme-pourquoi-les-conserves-peuvent-etre-mortelles\">https:\/\/reporterre.net\/Botulisme-pourquoi-les-conserves-peuvent-etre-mortelles<\/a><\/p>\n<p><a href=\"https:\/\/france3-regions.francetvinfo.fr\/normandie\/seine-maritime\/botulisme-des-producteurs-de-conserves-artisanales-ne-maitrisent-pas-les-process-de-fabrication-2843018.html\">https:\/\/france3-regions.francetvinfo.fr\/normandie\/seine-maritime\/botulisme-des-producteurs-de-conserves-artisanales-ne-maitrisent-pas-les-process-de-fabrication-2843018.html<\/a><\/p>\n<p><a href=\"http:\/\/www.pasteur.fr\/fr\/centre-medical\/fiches-maladies\/botulisme\">http:\/\/www.pasteur.fr\/fr\/centre-medical\/fiches-maladies\/botulisme<\/a><\/p>\n<p><iframe loading=\"lazy\" title=\"LE BOTULISME - Association Bio&#039;Sec\" width=\"474\" height=\"267\" src=\"https:\/\/www.youtube.com\/embed\/-TKHp4MDmEI?start=4&#038;feature=oembed\" frameborder=\"0\" allow=\"accelerometer; autoplay; clipboard-write; encrypted-media; gyroscope; picture-in-picture; web-share\" referrerpolicy=\"strict-origin-when-cross-origin\" allowfullscreen><\/iframe><\/p>\n<p><strong>Sites antigaspi<\/strong><\/p>\n<p><a href=\"https:\/\/cuisineantigaspi.com\">https:\/\/cuisineantigaspi.com<\/a><\/p>\n<p><a href=\"http:\/\/lefourche.fr\">lafourche.fr<\/a><\/p>\n<p><a href=\"https:\/\/willyantigaspi.fr\">https:\/\/willyantigaspi.fr<\/a><\/p>\n<p><a href=\"https:\/\/www.nousantigaspi.com\">https:\/\/www.nousantigaspi.com<\/a><\/p>\n<p><a href=\"https:\/\/inextremis-antigaspi.fr\">https:\/\/inextremis-antigaspi.fr<\/a><\/p>\n<p><a href=\"https:\/\/lessecretsdecharly.wordpress.com\">https:\/\/lessecretsdecharly.wordpress.com<\/a><\/p>\n<p>&#8211; applications anti-gaspi<\/p>\n<p><a href=\"https:\/\/toogoodtogo.fr\/fr\">TooGoodToGo<\/a> ou <a href=\"https:\/\/www.wearephenix.com\/application-anti-gaspi\/\">Phenix<\/a>, <a href=\"https:\/\/play.google.com\/store\/apps\/details?id=com.optimiam.consumer&amp;hl=en&amp;gl=US\">Optimiam<\/a>, <a href=\"https:\/\/zero-gachis.com\/\">Z\u00e9ro g\u00e2chis<\/a><\/p>\n<p>&#8211; recettes<\/p>\n<ul>\n<li><a href=\"\/\/librairie.ademe.fr\/agriculture-alimentation-foret-bioeconomie\/7595-recettes-et-astuces-anti-gaspi.html\">https:\/\/librairie.ademe.fr\/agriculture-alimentation-foret-bioeconomie\/7595-recettes-et-astuces-anti-gaspi.html<\/a><\/li>\n<\/ul>\n<p><strong>Actualit\u00e9<\/strong><\/p>\n<p><a href=\"https:\/\/www.ouest-france.fr\/sante\/maladies\/botulisme-a-bordeaux-15-cas-identifies-en-france-6-patients-toujours-en-reanimation-a08d671a-53df-11ee-8213-4a064d3d7a9b\">https:\/\/www.ouest-france.fr\/sante\/maladies\/botulisme-a-bordeaux-15-cas-identifies-en-france-6-patients-toujours-en-reanimation-a08d671a-53df-11ee-8213-4a064d3d7a9b<\/a><\/p>\n<p><a href=\"http:\/\/www.fruitsoublies.com\">https:\/\/www.foodwatch.org\/fr\/sinformer\/nos-campagnes\/politique-et-lobbies\/lobbies-et-multinationales\/inflation-alimentaire-prix-couts-caches-precarite-sante-un-systeme-a-la-derive<\/a><\/p>\n<p><a href=\"https:\/\/www.carenews.com\">https:\/\/www.carenews.com<\/a><\/p>\n<p><a href=\"https:\/\/www.greatitalianfoodtrade.it\/fr\/s%C3%A9curit%C3%A9\/botulisme-en-Italie-attention-aux-conserves-maison\/\">https:\/\/www.greatitalianfoodtrade.it\/fr\/s%C3%A9curit%C3%A9\/botulisme-en-Italie-attention-aux-conserves-maison\/<\/a><\/p>\n<p>&nbsp;<\/p>\n<p><strong>Circuits Court<\/strong><\/p>\n<p><a href=\"http:\/\/acheteralasource.com\">acheteralasource.com<\/a><\/p>\n<p><a href=\"http:\/\/mescarottes.com\"> mescarottes.com<\/a><\/p>\n<p><a href=\"http:\/\/epouvantails.fr\"> epouvantails.fr<\/a><\/p>\n<p><a href=\"http:\/\/www.reseau-amap.org\/\">http:\/\/www.reseau-amap.org<\/a><\/p>\n<p><a href=\"https:\/\/www.monepi.fr\/\">https:\/\/www.monepi.fr\/<\/a><\/p>\n<p>&nbsp;<\/p>\n<p><strong>M\u00e9thodologie de projet<\/strong><\/p>\n<p><a href=\"https:\/\/www.projeduc-lab.fr\/solutions-services\/\">https:\/\/www.projeduc-lab.fr\/solutions-services<\/a><\/p>\n<p>&nbsp;<\/p>\n<p><strong>Autonomie alimentaire<\/strong><\/p>\n<p><a href=\"https:\/\/www.terresvivantes.org\/\">https:\/\/www.terresvivantes.org\/<\/a><\/p>\n<p><a href=\"http:\/\/securite-sociale-alimentation.org\">securite-sociale-alimentation.org<\/a><\/p>\n<p>&nbsp;<\/p>\n<p><strong>Associations \/ Fondations\/ONG<\/strong><\/p>\n<p><a href=\"https:\/\/www.foodwatch.org\">https:\/\/www.foodwatch.org<\/a><\/p>\n<p><a href=\"https:\/\/terredeliens.org\">https:\/\/terredeliens.org<\/a><\/p>\n<p><a href=\"https:\/\/www.fondationavril.org\">https:\/\/www.fondationavril.org<\/a><\/p>\n<p><a href=\"https:\/\/www.fondationcarasso.org\/\">https:\/\/www.fondationcarasso.org\/<\/a><\/p>\n<p><a href=\"https:\/\/acegaa.org\/Boite-a-outils\">https:\/\/acegaa.org\/Boite-a-outils<\/a><\/p>\n<p>&nbsp;<\/p>\n<p><strong>Biblioth\u00e8ques<\/strong><\/p>\n<p><a href=\"https:\/\/wildproject.org\/la-maison\">https:\/\/wildproject.org\/la-maison<\/a><\/p>\n<blockquote class=\"wp-embedded-content\" data-secret=\"ZtEbqqgoLg\"><p><a href=\"https:\/\/www.dur-a-avaler.com\/nutrition-mensonges-et-propagande-chronique-et-resume\/\">Nutrition, Mensonges et Propagande: chronique et r\u00e9sum\u00e9<\/a><\/p><\/blockquote>\n<p><iframe loading=\"lazy\" class=\"wp-embedded-content\" sandbox=\"allow-scripts\" security=\"restricted\" style=\"position: absolute; visibility: hidden;\" title=\"\u00ab\u00a0Nutrition, Mensonges et Propagande: chronique et r\u00e9sum\u00e9\u00a0\u00bb &#8212; Dur \u00e0 Avaler\" src=\"https:\/\/www.dur-a-avaler.com\/nutrition-mensonges-et-propagande-chronique-et-resume\/embed\/#?secret=ci77fuzUEi#?secret=ZtEbqqgoLg\" data-secret=\"ZtEbqqgoLg\" width=\"474\" height=\"267\" frameborder=\"0\" marginwidth=\"0\" marginheight=\"0\" scrolling=\"no\"><\/iframe><\/p>\n<p><strong>Formation<\/strong><\/p>\n<p><a href=\"https:\/\/www.epl-lozere.fr\/cfppa-de-lozere\/\">https:\/\/www.epl-lozere.fr\/cfppa-de-lozere\/<\/a><\/p>\n<p><a href=\"https:\/\/www.ctcpa.org\/\">https:\/\/www.ctcpa.org\/<\/a><\/p>\n<p><a href=\"http:\/\/www.civamgard.fr\/\">http:\/\/www.civamgard.fr\/<\/a><\/p>\n<p>&nbsp;<\/p>\n<p><strong>Agriculture<\/strong><\/p>\n<p><a href=\"https:\/\/www.agriculturepaysanne.org\/gard\">https:\/\/www.agriculturepaysanne.org\/gard<\/a><\/p>\n<p>&nbsp;<\/p>\n<p><strong>Commerce \u00e9quitable<\/strong><\/p>\n<p><a href=\"https:\/\/artisansdumonde.org\/\">https:\/\/artisansdumonde.org\/<\/a><\/p>\n<p><a href=\"https:\/\/www.commercequitable.org\/\">https:\/\/www.commercequitable.org\/<\/a><\/p>\n<p><a href=\"https:\/\/maxhavelaarfrance.org\/le-commerce-equitable\/quest-ce-que-le-commerce-equitable\">https:\/\/maxhavelaarfrance.org<\/a><\/p>\n<p>&nbsp;<\/p>\n<p><strong>\u00c9conomie Circulaire<\/strong><\/p>\n<p><a href=\"https:\/\/fr.wikipedia.org\/wiki\/%C3%89conomie_circulaire\">https:\/\/fr.wikipedia.org\/wiki\/%C3%89conomie_circulaire<\/a><\/p>\n<p>&nbsp;<\/p>\n<p><strong>\u00c9conomie Sociale et Solidaire<\/strong><\/p>\n<p><a href=\"https:\/\/www.lelabo-ess.org\/economie-sociale-et-solidaire-ess\">https:\/\/www.lelabo-ess.org\/economie-sociale-et-solidaire-ess<\/a><\/p>\n<p><a href=\"https:\/\/www.cressoccitanie.org\/\">https:\/\/www.cressoccitanie.org\/<\/a><\/p>\n<p><a href=\"https:\/\/solfia.org\/\">https:\/\/solfia.org\/<\/a><\/p>\n<p>&nbsp;<\/p>\n<p><strong>Bonnes pratiques<\/strong><\/p>\n<p><a href=\"https:\/\/www.hellocarbo.com\/blog\/reduire\/alimentation-durable\/\">https:\/\/www.hellocarbo.com\/blog\/reduire\/alimentation-durable\/<\/a><\/p>\n<p>Le groupe facebook \u00ab\u00a0Cuisine et Conserves Maison\u00a0\u00bb :<br \/>\n<a href=\"https:\/\/www.facebook.com\/groups\/1552460255144838\">https:\/\/www.facebook.com\/groups\/1552460255144838<\/a><\/p>\n<p>&nbsp;<\/p>\n<p><strong>Guide de bonnes pratiques d\u2019hygi\u00e8ne<\/strong><\/p>\n<p>f<a href=\"https:\/\/agriculture.gouv.fr\/sites\/minagri\/files\/documents\/pdf\/Plats_cuisines_conserves_5954_mars2011_cle8ea423.pdf\">https:\/\/agriculture.gouv.fr\/sites\/minagri\/files\/documents\/pdf\/Plats_cuisines_conserves_5954_mars2011_cle8ea423.pdf<\/a><\/p>\n<p>&nbsp;<\/p>\n<p><strong>Botanique Gourmande<\/strong><\/p>\n<p><a href=\"https:\/\/www.cevennes-ecotourisme.com\/IMG\/pdf\/compte-rendu_formation_botanique.pdf\">https:\/\/www.cevennes-ecotourisme.com\/IMG\/pdf\/compte-rendu_formation_botanique.pdf<\/a><\/p>\n<p><!--more--><!--more--><\/p>\n<p>&nbsp;<\/p>\n","protected":false},"excerpt":{"rendered":"<p>M\u00e9thodes de conservation \/ Recettes https:\/\/www.cuisine-libre.org\/ https:\/\/conserves.blogspot.com www.nicrunicuit.com https:\/\/www.francebleu.fr\/emissions\/l-etape-gourmande\/fermentation-principes-techniques-et-bienfaits-5364746?fbclid=IwAR2iEbqcVm-TzqlwXKSgzQ299vcZb5lKiUM9StEHyT0Z5TTr-zih2qJPNaI http:\/\/www.food-info.net\/fr\/qa\/qa-fp65.htm Le site https:\/\/genie-alimentaire.com\/ De Farid AMROUCHE Guide de bonnes pratiques d\u2019hygi\u00e8ne et d\u2019application des principes HACCP \u00e0 l\u2019activit\u00e9 de conserveur https:\/\/agriculture.gouv.fr\/sites\/minagri\/files\/documents\/pdf\/B5939_20105939_cle84d6ed.pdf https:\/\/draaf.occitanie.agriculture.gouv.fr\/livret-d-information-des-professionnels-sur-l-hygiene-alimentaire-a270.html &nbsp; D\u00e9shydratation www.deshydratation-aliments.fr https:\/\/www.fruitsdeshydrates.fr\/ www.montougo.ca\/manger-mieux\/fruits-et-legumes\/deshydrater-les-fruits-et-legumes-a-la-maison https:\/\/www.deshydrateur.com &nbsp; Quelques pi\u00e8ges \u00e0 \u00e9viter : &#8211; A propos des les d\u00e9rives possibles autour du crudivorisme, notamment &hellip; <a href=\"https:\/\/biosec.noblogs.org\/fr\/liens-utiles\/\" class=\"more-link\">Continuer la lecture de <span class=\"screen-reader-text\">Liens utiles<\/span>  <span class=\"meta-nav\">&rarr;<\/span><\/a><\/p>\n","protected":false},"author":17309,"featured_media":0,"parent":0,"menu_order":0,"comment_status":"closed","ping_status":"closed","template":"","meta":{"_locale":"fr_FR","_original_post":"https:\/\/biosec.noblogs.org\/?page_id=47","footnotes":""},"class_list":["post-47","page","type-page","status-publish","hentry","fr-FR"],"_links":{"self":[{"href":"https:\/\/biosec.noblogs.org\/wp-json\/wp\/v2\/pages\/47","targetHints":{"allow":["GET"]}}],"collection":[{"href":"https:\/\/biosec.noblogs.org\/wp-json\/wp\/v2\/pages"}],"about":[{"href":"https:\/\/biosec.noblogs.org\/wp-json\/wp\/v2\/types\/page"}],"author":[{"embeddable":true,"href":"https:\/\/biosec.noblogs.org\/wp-json\/wp\/v2\/users\/17309"}],"replies":[{"embeddable":true,"href":"https:\/\/biosec.noblogs.org\/wp-json\/wp\/v2\/comments?post=47"}],"version-history":[{"count":68,"href":"https:\/\/biosec.noblogs.org\/wp-json\/wp\/v2\/pages\/47\/revisions"}],"predecessor-version":[{"id":1113,"href":"https:\/\/biosec.noblogs.org\/wp-json\/wp\/v2\/pages\/47\/revisions\/1113"}],"wp:attachment":[{"href":"https:\/\/biosec.noblogs.org\/wp-json\/wp\/v2\/media?parent=47"}],"curies":[{"name":"wp","href":"https:\/\/api.w.org\/{rel}","templated":true}]}}