{"id":46,"date":"2022-10-28T17:07:47","date_gmt":"2022-10-28T15:07:47","guid":{"rendered":"https:\/\/biosec.noblogs.org\/?page_id=46"},"modified":"2024-10-09T20:25:50","modified_gmt":"2024-10-09T18:25:50","slug":"bibliotheque","status":"publish","type":"page","link":"https:\/\/biosec.noblogs.org\/fr\/bibliotheque\/","title":{"rendered":"Biblioth\u00e8que"},"content":{"rendered":"<p><span style=\"color: #000000\"><strong>Disponible \u00e0 l&#8217;emprunt &#8211; 75 Grand rue 30270 St Jean du Gard (espace Bio&rsquo;Sec mis \u00e0 dispo chez <span style=\"color: #800000\">Piccolo Sole<\/span>) emprunts gratuits adh\u00e9sion 10\u20acmin\/an obligatoire :<\/strong><\/span><\/p>\n<ol>\n<li>Agriculture alimentation id\u00e9es re\u00e7ues et propositions, par le mouvement ed. Utopia<\/li>\n<li>L&rsquo;envers de l&rsquo;assiette et quelques id\u00e9es pour la remettre \u00e0 l&rsquo;endroit de Laure Waridel &#8211; \u00c9d. Ecosoci\u00e9t\u00e9<\/li>\n<li>Sortir de l&rsquo;industrialisme, Le P\u00e9dalo Ivre, ouvrage collectif<\/li>\n<li>En Route Pour L&rsquo;autonomie Alimentaire &#8211; Guide Pratique \u00c0 L&rsquo;usage Des Familles, Villes Et Territoires &#8211; Fran\u00e7ois Rouillay<\/li>\n<li>Relocaliser: Pour une soci\u00e9t\u00e9 d\u00e9mocratique et antiproductiviste Jean-Luc Pasquinet<\/li>\n<li>De nouveaux d\u00e9fis pour l&rsquo;\u00e9cologie politique Alain Coulombel<\/li>\n<li>Bior\u00e9gion pour une \u00e9cologie politique vivante [Carnets de la D\u00e9croissance, Carnet #4]<\/li>\n<li>Jardins r\u00e9gionaux, Daniel Piuboube, Nathan<\/li>\n<li>Les combinaisons alimentaires &#8211; Mieux dig\u00e9rer au naturel avec des recettesRaphael Perez<\/li>\n<li>Campagnes l&rsquo;alternative ! Autonomia, ed. Libre et solidaire<\/li>\n<li>Le bien \u00eatre en herbe, se nourrir et se soigner avec les plantes sauvages. Un film de Raymond Achili avec Alain Renaux, un ethnobotaniste en balade<\/li>\n<li>\n<div class=\"c-promo__figure\">\n<div class=\"field field-name-field-issue-cover field-type-image field-label-hidden\">\n<div class=\"field-items\">\n<div class=\"field-item even\">Georges Monbiot, Nourrir le monde, Ed. Les liens qui ib\u00e8rent<\/div>\n<\/div>\n<\/div>\n<\/div>\n<\/li>\n<li>Manifeste pour une alimentation durable : comment les citoyens peuvent regagner leur autonomie alimentaire. Mathilde Golla (Auteur), Val\u00e8re Coll\u00e9ard (Auteur)<\/li>\n<li>Critiques et espoirs du Commerce \u00c9quitable, Elan solidaire ou am\u00e9nagement capitaliste &#8211; Les renseignements g\u00e9n\u00e9reux &#8211; mai 2005<\/li>\n<li>Alimentation durable : S\u2019engager pour la plan\u00e8te, \u00e7a commence dans l\u2019assiette ! Aline Gubri, Ed. Thierry Souccar<\/li>\n<li>Les r\u00e8gles d&rsquo;une saine alimentation, Mickal Pollan, Ed Tr\u00e9sor cach\u00e9<\/li>\n<li>L&rsquo;entr\u00e9e dans l&rsquo;\u00e8re \u00e9cologique Edgar Morin Ed. Mikros<\/li>\n<li>La Faim et l&rsquo;Abondance. Histoire de l&rsquo;alimentation en Europe, Massimo Montanai Ed Seuil<\/li>\n<li>Manger demain, Fake or Not ? Construire l&rsquo;autonomie alimentaire sans fake news : circuit court, bio, agroalimentaire, foodtech, agriculture locale Isabelle Brockman, Fr\u00e9d\u00e9ric Wallet<\/li>\n<li>Lib\u00e9rez le go\u00fbt !: Le combat de Slow Food pour une autonomie alimentaire et gastronomique, Carlo Petrini<\/li>\n<li>B\u00e9n\u00e9dicte Bonzi, la France qui a faim<\/li>\n<li>Serge Mocovisci ou l&rsquo;\u00e9cologie subversive, Stephane Lavigotte Ed. Les pr\u00e9curseurs de la d\u00e9croissance<\/li>\n<li><span class=\"c-promo__surtitle\">Les dossiers n\u00b0011 &#8211; 09\/2017 &#8211; Alternatives Economiques &#8211;<\/span>Manger autrement : vers une alimentation durable<\/li>\n<li>L&rsquo;atelier paysan, reprendre la terre aux machines, manifeste pour une autonomie paysanne et alimentaire ed.points<\/li>\n<li>Des solutions pour agir, Le pari de la solidarit\u00e9, Christian Arnaud, Ed. Libre et solidaire<\/li>\n<li>Lettre \u00e0 mes enfants et aux enfants du monde \u00e0 venir, Raoul Vaneighem ed. Cherche midi<\/li>\n<li>Les incroyables vertus des jus de l\u00e9gumes sant\u00e9, Evelyne Naubeau ed Jouvence<\/li>\n<li>Bertrand Louard, r\u00e9appropriation ed. La lenteur<\/li>\n<li>La D\u00e9mocratie aux champs, Joelle Zask, Les emp\u00eacheurs de penser en rond La D\u00e9vouverte<\/li>\n<li>\n<p align=\"justify\">Moins gaspiller, c&rsquo;est pas sorcier, recettes et conseils pratiques pour tout les jours Ed. Marabout<\/p>\n<\/li>\n<li>\n<p align=\"justify\">Vers l&rsquo;autonomie alimentaire, pourquoi, commet et o\u00f9 cultiver ce que l&rsquo;on mange, Fr\u00e9d\u00e9rique Basset, Ed. Rue de l&rsquo;\u00e9chiquier<\/p>\n<\/li>\n<\/ol>\n<p><strong>P\u00e9pite &lt;3<\/strong><\/p>\n<p><strong><img loading=\"lazy\" decoding=\"async\" class=\"size-full wp-image-1049 alignright\" src=\"https:\/\/biosec.noblogs.org\/files\/2024\/10\/telechargement.jpg\" alt=\"\" width=\"201\" height=\"250\" \/><\/strong><\/p>\n<p class=\"LC20lb MBeuO DKV0Md\"><strong>32. Comment faire ses conserves sans empoisonner sa famille Edition La presse\u00a0<\/strong><\/p>\n<p>&nbsp;<\/p>\n<ul>\n<li><span style=\"color: #008000\"><strong>Librairies en ligne : <\/strong><\/span><\/li>\n<li><span style=\"color: #003366\"><a style=\"color: #003366\" href=\"https:\/\/www.librairie-permaculturelle.fr\/168-autonomie\">https:\/\/www.librairie-permaculturelle.fr\/168-autonomie<\/a><\/span><\/li>\n<li><span style=\"color: #003366\"><a style=\"color: #003366\" href=\"https:\/\/www.momox-shop.fr\/nicolas-buttin-activer-l-economie-circulaire-comment-reconcilier-l-economie-et-la-nature-taschenbuch-M02212563884.html?variant=UsedVeryGood&amp;gclid=Cj0KCQiA6vaqBhCbARIsACF9M6kFD5nAsMeoWlmNlVEKMHhJf5QGL7ZnHmex7sRhCQqaeG7mvWrx_9YaAgdXEALw_wcB&amp;gad_source=1\">https:\/\/www.momox-shop.fr\/nicolas-buttin-activer-l-economie-circulaire-comment-reconcilier-l-economie-et-la-nature-taschenbuch-M02212563884.html?variant=UsedVeryGood&amp;gclid=Cj0KCQiA6vaqBhCbARIsACF9M6kFD5nAsMeoWlmNlVEKMHhJf5QGL7ZnHmex7sRhCQqaeG7mvWrx_9YaAgdXEALw_wcB&amp;gad_source=1<\/a><\/span><\/li>\n<li><span style=\"color: #003366\"><a style=\"color: #003366\" href=\"https:\/\/fruitsoublies.com\/boutique\/index.php?route=product\/product&amp;path=64_72&amp;product_id=133\">https:\/\/fruitsoublies.com\/boutique\/index.php?route=product\/product&amp;path=64_72&amp;product_id=133<\/a><\/span><\/li>\n<\/ul>\n<p>&nbsp;<\/p>\n<p><span style=\"color: #003300\">On a lu et on a aim\u00e9 &lt;3<\/span><\/p>\n<p><span style=\"color: #ffffff\">.<\/span><\/p>\n<ul>\n<li>D\u00e9shydrater les Aliments Chez Soi: Tirez le Meilleur Parti de Votre D\u00e9shydrateur, Depuis les P\u00e2tes de Fruits Jusqu&rsquo;aux Charquis de Viandes Michelle Keog<\/li>\n<li>Guide pour une alimentation Durable &#8211; Aline Gubri<\/li>\n<li>Ni Cru Ni Cuit &#8211; Marie Claude Fr\u00e9derique (une p\u00e9pite!!!)<\/li>\n<li>Manifeste pour une alimentation durable &#8211; Val\u00e8re corr\u00e9ard &amp; Mathilde Golda<\/li>\n<li>ADEME &#8211; UNe alimentation durable en 10 questions<\/li>\n<li>Le droit \u00e0 l&rsquo;alimentation durable en d\u00e9mocratie &#8211; Dominique\u00a0 Paturel et Patrice Ndiaye<\/li>\n<li>S\u00e9cher et d\u00e9shydrater ses aliments: fruits, l\u00e9gumes, plantes aromatiques, champignons &#8230; : autonomie et sant\u00e9 retrouv\u00e9es Claudia Lorenz-ladener<\/li>\n<li>D\u00e9shydrater les aliments : Catherine Moreau (professeur de fran\u00e7ais.)<\/li>\n<li>Le petit trait\u00e9 Rustica des produits s\u00e9ch\u00e9s: Plus de 100 recettes faciles, plus de 150 produits s\u00e9ch\u00e9s Caroline Gu\u00e9zille<\/li>\n<li>D\u00e9shydrateur Alimentaire : le Guide Complet de la Nourriture D\u00e9shydrat\u00e9e<\/li>\n<li>S\u00e9choirs solaires: constructions et utilisation Claudia Lorenz-ladener<\/li>\n<li>Je cuisine avec un d\u00e9shydrateur: 190 recettes saines et faciles<\/li>\n<li>D\u00e9lices d\u00e9shydrat\u00e9s : cuirs de fruits, chips de l\u00e9gumes, crakers Linda Louis<\/li>\n<li>Terre et Libert\u00e9, Aur\u00e9lien berlan, La Qu\u00eate d\u2019autonomie contre le fantasme de la d\u00e9livrance<\/li>\n<li>Agriculture alimentation id\u00e9es re\u00e7ues et propositions, par le mouvement Utopia<\/li>\n<li>L\u2019envers de l\u2019assiette et quelques id\u00e9es pour la remettre \u00e0 l\u2019endroit de Laure Waridel \u2013 \u00c9d. Ecosoci\u00e9t\u00e9<\/li>\n<li>Sortir de l\u2019industrialisme, Le P\u00e9dalo Ivre, ouvrage collectif<\/li>\n<li>En Route Pour L\u2019autonomie Alimentaire \u2013 Guide Pratique \u00c0 L\u2019usage Des Familles, Villes Et Territoires \u2013 Fran\u00e7ois Rouillay<\/li>\n<li>Relocaliser: Pour une soci\u00e9t\u00e9 d\u00e9mocratique et antiproductiviste Jean-Luc Pasquinet<\/li>\n<li>De nouveaux d\u00e9fis pour l\u2019\u00e9cologie politique Alain Coulombel<\/li>\n<li>Bior\u00e9gion pour une \u00e9cologie politique vivante [Carnets de la D\u00e9croissance, Carnet #4]<\/li>\n<li>Jardins r\u00e9gionaux, Daniel Piuboube, Nathan<\/li>\n<li>Les combinaisons alimentaires \u2013 Mieux dig\u00e9rer au naturel avec des recettesRaphael Perez<\/li>\n<li>Campagnes l\u2019alternative ! Autonomia, ed. Libre et solidaire<\/li>\n<li>Le bien \u00eatre en herbe, se nourrir et se soigner avec les plantes sauvages. Un film de Raymond Achili avec Alain Renaux, un ethnobotaniste en balade<\/li>\n<li>Les dossiers n\u00b0011 \u2013 09\/2017 \u2013 Alternatives Economiques \u2013Manger autrement : vers une alimentation durable<\/li>\n<li>Manifeste pour une alimentation durable : comment les citoyens peuvent regagner leur autonomie alimentaire. Mathilde Golla (Auteur), Val\u00e8re Coll\u00e9ard (Auteur)<\/li>\n<li>Critiques et espoirs du Commerce \u00c9quitable, Elan solidaire ou am\u00e9nagement capitaliste \u2013 Les renseignements g\u00e9n\u00e9reux \u2013 mai 2005<\/li>\n<li>Alimentation durable : S\u2019engager pour la plan\u00e8te, \u00e7a commence dans l\u2019assiette ! Aline Gubri, Ed. Thierry Souccar<\/li>\n<li>Les r\u00e8gles d\u2019une saine alimentation, Mickal Pollan, Ed Tr\u00e9sor cach\u00e9<\/li>\n<li>L\u2019entr\u00e9e dans l\u2019\u00e8re \u00e9cologique Edgar Morin Ed. Mikros<\/li>\n<li>La Faim et l\u2019Abondance. Histoire de l\u2019alimentation en Europe, Massimo Montanai Ed Seuil<\/li>\n<li>Manger demain, Fake or Not ? Construire l\u2019autonomie alimentaire sans fake news : circuit court, bio, agroalimentaire, foodtech, agriculture locale Isabelle Brockman, Fr\u00e9d\u00e9ric Wallet<\/li>\n<li>Lib\u00e9rez le go\u00fbt !: Le combat de Slow Food pour une autonomie alimentaire et gastronomique, Carlo Petrini<\/li>\n<\/ul>\n<p>&nbsp;<\/p>\n<p>&nbsp;<\/p>\n<p><strong>Maisons d&rsquo;\u00e9dition :<\/strong><\/p>\n<p><a href=\"https:\/\/editionsrepas.fr\/catalogue\/\">https:\/\/editionsrepas.fr\/catalogue\/<\/a><\/p>\n<p><a href=\"https:\/\/www.terrevivante.org\">https:\/\/www.terrevivante.org<\/a><\/p>\n<p><a href=\"https:\/\/www.ruedelechiquier.net\">https:\/\/www.ruedelechiquier.net<\/a><\/p>\n<p>&nbsp;<\/p>\n<p>&nbsp;<\/p>\n<p><strong>Documentaires :<\/strong><\/p>\n<p><iframe loading=\"lazy\" title=\"LA PART DES AUTRES - Film Civam\" width=\"474\" height=\"267\" src=\"https:\/\/www.youtube.com\/embed\/ZUSHwff_Bv4?feature=oembed\" frameborder=\"0\" allow=\"accelerometer; autoplay; clipboard-write; encrypted-media; gyroscope; picture-in-picture; web-share\" referrerpolicy=\"strict-origin-when-cross-origin\" allowfullscreen><\/iframe><\/p>\n<p>&nbsp;<\/p>\n<p><strong>Botanique Gourmande<\/strong><\/p>\n<p><a href=\"https:\/\/www.cevennes-ecotourisme.com\/IMG\/pdf\/compte-rendu_formation_botanique.pdf\">https:\/\/www.cevennes-ecotourisme.com\/IMG\/pdf\/compte-rendu_formation_botanique.pdf<\/a><\/p>\n<p>&nbsp;<\/p>\n<p><strong>Ressources<\/strong><\/p>\n<p>Autre <a href=\"https:\/\/www.cite-agri.fr\/le-fonds-documentaire\/\">https:\/\/www.cite-agri.fr\/le-fonds-documentaire<!--more-->\/<\/a><!--more--><\/p>\n<p><span style=\"color: #003366\"><strong><!--more--><\/strong><\/span><\/p>\n","protected":false},"excerpt":{"rendered":"<p>Disponible \u00e0 l&#8217;emprunt &#8211; 75 Grand rue 30270 St Jean du Gard (espace Bio&rsquo;Sec mis \u00e0 dispo chez Piccolo Sole) emprunts gratuits adh\u00e9sion 10\u20acmin\/an obligatoire : Agriculture alimentation id\u00e9es re\u00e7ues et propositions, par le mouvement ed. Utopia L&rsquo;envers de l&rsquo;assiette et quelques id\u00e9es pour la remettre \u00e0 l&rsquo;endroit de Laure Waridel &#8211; \u00c9d. Ecosoci\u00e9t\u00e9 Sortir &hellip; <a href=\"https:\/\/biosec.noblogs.org\/fr\/bibliotheque\/\" class=\"more-link\">Continuer la lecture de <span class=\"screen-reader-text\">Biblioth\u00e8que<\/span>  <span class=\"meta-nav\">&rarr;<\/span><\/a><\/p>\n","protected":false},"author":17309,"featured_media":0,"parent":0,"menu_order":0,"comment_status":"closed","ping_status":"closed","template":"","meta":{"_locale":"fr_FR","_original_post":"https:\/\/biosec.noblogs.org\/?page_id=46","footnotes":""},"class_list":["post-46","page","type-page","status-publish","hentry","fr-FR"],"_links":{"self":[{"href":"https:\/\/biosec.noblogs.org\/wp-json\/wp\/v2\/pages\/46","targetHints":{"allow":["GET"]}}],"collection":[{"href":"https:\/\/biosec.noblogs.org\/wp-json\/wp\/v2\/pages"}],"about":[{"href":"https:\/\/biosec.noblogs.org\/wp-json\/wp\/v2\/types\/page"}],"author":[{"embeddable":true,"href":"https:\/\/biosec.noblogs.org\/wp-json\/wp\/v2\/users\/17309"}],"replies":[{"embeddable":true,"href":"https:\/\/biosec.noblogs.org\/wp-json\/wp\/v2\/comments?post=46"}],"version-history":[{"count":37,"href":"https:\/\/biosec.noblogs.org\/wp-json\/wp\/v2\/pages\/46\/revisions"}],"predecessor-version":[{"id":1056,"href":"https:\/\/biosec.noblogs.org\/wp-json\/wp\/v2\/pages\/46\/revisions\/1056"}],"wp:attachment":[{"href":"https:\/\/biosec.noblogs.org\/wp-json\/wp\/v2\/media?parent=46"}],"curies":[{"name":"wp","href":"https:\/\/api.w.org\/{rel}","templated":true}]}}